{"id":16,"date":"2016-09-02T07:03:29","date_gmt":"2016-09-02T07:03:29","guid":{"rendered":"http:\/\/www.akinisisogutma.com\/yeni\/?page_id=16"},"modified":"2016-09-02T07:46:07","modified_gmt":"2016-09-02T07:46:07","slug":"yetkili-servis-bilgileri","status":"publish","type":"page","link":"https:\/\/www.akinisisogutma.com\/?page_id=16","title":{"rendered":"Yetkili Servis"},"content":{"rendered":"<p>Firmam\u0131z Yetkili servislikleri<br \/>\n\u0130lgili Markalar\u0131n Kayseri Yetkili Servisi Ak\u0131n Is\u0131 So\u011futma<\/p>\n<p><img loading=\"lazy\" decoding=\"async\" class=\"alignnone size-full wp-image-17\" src=\"https:\/\/www.akinisisogutma.com\/wp-content\/uploads\/2016\/09\/oac.jpg\" alt=\"oac\" width=\"636\" height=\"40\" srcset=\"https:\/\/www.akinisisogutma.com\/wp-content\/uploads\/2016\/09\/oac.jpg 636w, https:\/\/www.akinisisogutma.com\/wp-content\/uploads\/2016\/09\/oac-300x19.jpg 300w\" sizes=\"auto, (max-width: 636px) 100vw, 636px\" \/><\/p>\n<p><img loading=\"lazy\" decoding=\"async\" class=\"alignnone size-full wp-image-18\" src=\"https:\/\/www.akinisisogutma.com\/wp-content\/uploads\/2016\/09\/gree.jpg\" alt=\"gree\" width=\"326\" height=\"64\" srcset=\"https:\/\/www.akinisisogutma.com\/wp-content\/uploads\/2016\/09\/gree.jpg 326w, https:\/\/www.akinisisogutma.com\/wp-content\/uploads\/2016\/09\/gree-300x59.jpg 300w\" sizes=\"auto, (max-width: 326px) 100vw, 326px\" \/><\/p>\n<p>Oac Kayseri Yetkili Servis<br \/>\nOlefini Kayseri Yetkili Servis<br \/>\nFral Kayseri Yetkili Servis<br \/>\nAerial Kayseri Yetkili Servis<br \/>\nSeemDoor Kayseri Yetkili Servis<br \/>\nGree Kayseri Yetkili Servis<br \/>\n<script><\/script><br \/>\n<script><\/script><\/p>\n","protected":false},"excerpt":{"rendered":"<p>Firmam\u0131z Yetkili servislikleri \u0130lgili Markalar\u0131n Kayseri Yetkili Servisi Ak\u0131n Is\u0131 So\u011futma Oac Kayseri Yetkili Servis Olefini Kayseri Yetkili Servis Fral Kayseri Yetkili Servis Aerial Kayseri Yetkili Servis SeemDoor Kayseri Yetkili Servis Gree Kayseri Yetkili Servis<\/p>\n","protected":false},"author":1,"featured_media":0,"parent":0,"menu_order":0,"comment_status":"closed","ping_status":"closed","template":"","meta":{"footnotes":""},"class_list":["post-16","page","type-page","status-publish","hentry","post"],"_links":{"self":[{"href":"https:\/\/www.akinisisogutma.com\/index.php?rest_route=\/wp\/v2\/pages\/16","targetHints":{"allow":["GET"]}}],"collection":[{"href":"https:\/\/www.akinisisogutma.com\/index.php?rest_route=\/wp\/v2\/pages"}],"about":[{"href":"https:\/\/www.akinisisogutma.com\/index.php?rest_route=\/wp\/v2\/types\/page"}],"author":[{"embeddable":true,"href":"https:\/\/www.akinisisogutma.com\/index.php?rest_route=\/wp\/v2\/users\/1"}],"replies":[{"embeddable":true,"href":"https:\/\/www.akinisisogutma.com\/index.php?rest_route=%2Fwp%2Fv2%2Fcomments&post=16"}],"version-history":[{"count":2,"href":"https:\/\/www.akinisisogutma.com\/index.php?rest_route=\/wp\/v2\/pages\/16\/revisions"}],"predecessor-version":[{"id":39,"href":"https:\/\/www.akinisisogutma.com\/index.php?rest_route=\/wp\/v2\/pages\/16\/revisions\/39"}],"wp:attachment":[{"href":"https:\/\/www.akinisisogutma.com\/index.php?rest_route=%2Fwp%2Fv2%2Fmedia&parent=16"}],"curies":[{"name":"wp","href":"https:\/\/api.w.org\/{rel}","templated":true}]}}