{"id":30,"date":"2016-09-02T07:30:33","date_gmt":"2016-09-02T07:30:33","guid":{"rendered":"http:\/\/www.akinisisogutma.com\/yeni\/?page_id=30"},"modified":"2016-09-02T07:30:33","modified_gmt":"2016-09-02T07:30:33","slug":"hosgeldiniz","status":"publish","type":"page","link":"https:\/\/www.akinisisogutma.com\/","title":{"rendered":"Ho\u015fgeldiniz"},"content":{"rendered":"<p>Ak\u0131n Is\u0131 So\u011futma servis hizmetlerine ho\u015fgeldiniz. firmam\u0131z Kayseride bir \u00e7ok \u00fcnl\u00fc markan\u0131n yetkili servisli\u011fi yan\u0131 s\u0131ra di\u011fer bir \u00e7ok markan\u0131nda tamir bak\u0131m ve montaj i\u015flerini yapmakta. H\u0131zl\u0131 servis imkanlar\u0131 ile problemlerinizi k\u0131sa s\u00fcrede \u00e7\u00f6zme imkan\u0131 sunmakta. Kulland\u0131\u011f\u0131n\u0131z \u00fcr\u00fcnlerin kalitesinin yan\u0131nda servis hizmetlerininde bir okadar kaliteli olmas\u0131n\u0131n \u00f6nemi b\u00fcy\u00fckt\u00fcr. Bizde bu Anlay\u0131\u015f ile sizlere en iyi hizmeti verme, m\u00fcteri memnuniyeti sa\u011flama gayesi ile \u00e7al\u0131\u015fmalar\u0131m\u0131z\u0131 yapmaktay\u0131z.\u00a0 Size bir telefon kadar yak\u0131n oldu\u011fumuzu hat\u0131rlatmak isteriz.<br \/>\n<script><\/script><br \/>\n<script><\/script><\/p>\n","protected":false},"excerpt":{"rendered":"<p>Ak\u0131n Is\u0131 So\u011futma servis hizmetlerine ho\u015fgeldiniz. firmam\u0131z Kayseride bir \u00e7ok \u00fcnl\u00fc markan\u0131n yetkili servisli\u011fi yan\u0131 s\u0131ra di\u011fer bir \u00e7ok markan\u0131nda tamir bak\u0131m ve montaj i\u015flerini yapmakta. H\u0131zl\u0131 servis imkanlar\u0131 ile problemlerinizi k\u0131sa s\u00fcrede \u00e7\u00f6zme imkan\u0131 sunmakta. Kulland\u0131\u011f\u0131n\u0131z \u00fcr\u00fcnlerin kalitesinin yan\u0131nda servis hizmetlerininde bir okadar kaliteli olmas\u0131n\u0131n \u00f6nemi b\u00fcy\u00fckt\u00fcr. Bizde bu Anlay\u0131\u015f ile sizlere en iyi [&hellip;]<\/p>\n","protected":false},"author":1,"featured_media":0,"parent":0,"menu_order":0,"comment_status":"closed","ping_status":"closed","template":"","meta":{"footnotes":""},"class_list":["post-30","page","type-page","status-publish","hentry","post"],"_links":{"self":[{"href":"https:\/\/www.akinisisogutma.com\/index.php?rest_route=\/wp\/v2\/pages\/30","targetHints":{"allow":["GET"]}}],"collection":[{"href":"https:\/\/www.akinisisogutma.com\/index.php?rest_route=\/wp\/v2\/pages"}],"about":[{"href":"https:\/\/www.akinisisogutma.com\/index.php?rest_route=\/wp\/v2\/types\/page"}],"author":[{"embeddable":true,"href":"https:\/\/www.akinisisogutma.com\/index.php?rest_route=\/wp\/v2\/users\/1"}],"replies":[{"embeddable":true,"href":"https:\/\/www.akinisisogutma.com\/index.php?rest_route=%2Fwp%2Fv2%2Fcomments&post=30"}],"version-history":[{"count":1,"href":"https:\/\/www.akinisisogutma.com\/index.php?rest_route=\/wp\/v2\/pages\/30\/revisions"}],"predecessor-version":[{"id":31,"href":"https:\/\/www.akinisisogutma.com\/index.php?rest_route=\/wp\/v2\/pages\/30\/revisions\/31"}],"wp:attachment":[{"href":"https:\/\/www.akinisisogutma.com\/index.php?rest_route=%2Fwp%2Fv2%2Fmedia&parent=30"}],"curies":[{"name":"wp","href":"https:\/\/api.w.org\/{rel}","templated":true}]}}